{"id":129,"date":"2020-10-21T10:58:52","date_gmt":"2020-10-21T10:58:52","guid":{"rendered":"https:\/\/congresos-setla.com\/?page_id=129"},"modified":"2022-10-11T08:10:59","modified_gmt":"2022-10-11T08:10:59","slug":"junta-directiva-y-senado","status":"publish","type":"page","link":"https:\/\/congresos-setla.com\/?page_id=129","title":{"rendered":"JUNTA DIRECTIVA Y SENADO"},"content":{"rendered":"\n<div id=\"wp-block-themeisle-blocks-advanced-columns-e9be80a9\" class=\"wp-block-themeisle-blocks-advanced-columns has-3-columns has-desktop-equal-layout has-tablet-equal-layout has-mobile-collapsedRows-layout has-vertical-unset has-default-gap\"><div class=\"wp-block-themeisle-blocks-advanced-columns-overlay\"><\/div><div class=\"innerblocks-wrap\">\n<div id=\"wp-block-themeisle-blocks-advanced-column-4373e85a\" class=\"wp-block-themeisle-blocks-advanced-column\">\n<figure class=\"wp-block-table\"><table><tbody><tr><td><strong>Presidente<\/strong><br>Jose Garc\u00eda L\u00f3pez<\/td><\/tr><tr><td><strong>Presidente<\/strong> <strong>Saliente<\/strong><br>Javier Vaquero Ruip\u00e9rez<\/td><\/tr><tr><td><strong>Vicepresidente<\/strong><br>Fernando Garc\u00eda de Lucas<\/td><\/tr><tr><td><strong>Secretaria General<\/strong><br>Lara Blasco Vel\u00e1zquez<\/td><\/tr><tr><td><strong>Tesorero<\/strong><br>Jos\u00e9 Manuel M\u00e9ndez L\u00f3pez<\/td><\/tr><tr><td><strong>Comisi\u00f3n de Cursos SETLA<\/strong><br>Francisco Javier Flores Gallego\u00a0<br>Miguel Dodangueh Gonz\u00e1lez<br>Miguel A. Molto Precioso<br>Karla Rodr\u00edguez Bascones<\/td><\/tr><tr><td><strong>Comisi\u00f3n de Docencia<\/strong><br>Jose Manuel Garcia Pequerul<br>Gloria L\u00f3pez Hern\u00e1ndez<br>Gabriel Lopez Gra\u00f1a<br>Eduardo Hevia Sierra<br>Manel V\u00e1zquez Quintas<\/td><\/tr><\/tbody><\/table><\/figure>\n<\/div>\n\n\n\n<div id=\"wp-block-themeisle-blocks-advanced-column-a20c3484\" class=\"wp-block-themeisle-blocks-advanced-column\">\n<figure class=\"wp-block-table\"><table><tbody><tr><td><strong>Comisi\u00f3n Bolet\u00edn&nbsp; y Socios SETLA<\/strong><br>Daniel Chaverri Fierro<br>Andrea Paniagua Gonz\u00e1lez<\/td><\/tr><tr><td><strong>Comisi\u00f3n Comunicaci\u00f3n y p\u00e1gina web<\/strong><br>Jose Sim\u00f3n S\u00e1nchez D\u00edaz<br>Jose Joaqu\u00edn Romero C\u00e1ceres<\/td><\/tr><tr><td><strong>Relaciones con la industria<\/strong><br>Juan A. Aguilera Repiso<br>Javier Vaquero Ruip\u00e9rez<\/td><\/tr><tr><td><strong>Residentes<\/strong><br>David Rodr\u00edguez L\u00f3pez<\/td><\/tr><tr><td><strong>Editores de la Revista<\/strong><br>Juan A. Aguilera Repiso<br>Pablo Aragoneses L\u00f3pez<br>Luis G\u00aa Bordes<\/td><\/tr><tr><td><strong>Asesores Cient\u00edficos<\/strong><br>Jose Enrique Rodr\u00edguez Torreblanca<br>Alvaro Minuesa Asensio\u00a0<br>Jos\u00e9 R. Almoguera S\u00e1nchez-Villaca\u00f1as<br>Jacinto Truchuelo Lago<br>Ricardo Rodriguez de Oya<br>Adela Fuentes Sanz<\/td><\/tr><\/tbody><\/table><\/figure>\n<\/div>\n\n\n\n<div id=\"wp-block-themeisle-blocks-advanced-column-31031942\" class=\"wp-block-themeisle-blocks-advanced-column\">\n<figure class=\"wp-block-table\"><table><tbody><tr><td><strong>Senado<\/strong><br>Miguel Garc\u00eda Munilla<br>Juan Ayala Andrade<br>Rafael Cruz-Conde Delgado<br>Josep Pous Barral<br>Jos\u00e9 L. de Gregorio Jabato<br>Fernando Collado F\u00e1bregas<br>Xavier Mart\u00edn Oliva<br>Luis A. Garc\u00eda-Lomas Pico<br>\u00c1ngel Garc\u00eda Berlinches<\/td><\/tr><tr><td><\/td><\/tr><\/tbody><\/table><\/figure>\n<\/div>\n<\/div><\/div>\n","protected":false},"excerpt":{"rendered":"","protected":false},"author":1,"featured_media":0,"parent":0,"menu_order":0,"comment_status":"closed","ping_status":"closed","template":"","meta":{"_themeisle_gutenberg_block_has_review":false,"footnotes":""},"class_list":["post-129","page","type-page","status-publish","hentry"],"_links":{"self":[{"href":"https:\/\/congresos-setla.com\/index.php?rest_route=\/wp\/v2\/pages\/129","targetHints":{"allow":["GET"]}}],"collection":[{"href":"https:\/\/congresos-setla.com\/index.php?rest_route=\/wp\/v2\/pages"}],"about":[{"href":"https:\/\/congresos-setla.com\/index.php?rest_route=\/wp\/v2\/types\/page"}],"author":[{"embeddable":true,"href":"https:\/\/congresos-setla.com\/index.php?rest_route=\/wp\/v2\/users\/1"}],"replies":[{"embeddable":true,"href":"https:\/\/congresos-setla.com\/index.php?rest_route=%2Fwp%2Fv2%2Fcomments&post=129"}],"version-history":[{"count":3,"href":"https:\/\/congresos-setla.com\/index.php?rest_route=\/wp\/v2\/pages\/129\/revisions"}],"predecessor-version":[{"id":2744,"href":"https:\/\/congresos-setla.com\/index.php?rest_route=\/wp\/v2\/pages\/129\/revisions\/2744"}],"wp:attachment":[{"href":"https:\/\/congresos-setla.com\/index.php?rest_route=%2Fwp%2Fv2%2Fmedia&parent=129"}],"curies":[{"name":"wp","href":"https:\/\/api.w.org\/{rel}","templated":true}]}}