{"id":1366,"date":"2022-01-12T12:00:30","date_gmt":"2022-01-12T12:00:30","guid":{"rendered":"https:\/\/congresos-setla.com\/?page_id=1366"},"modified":"2026-01-12T09:25:53","modified_gmt":"2026-01-12T09:25:53","slug":"informacion-3","status":"publish","type":"page","link":"https:\/\/congresos-setla.com\/?page_id=1366","title":{"rendered":"Informaci\u00f3n general"},"content":{"rendered":"\n<div id=\"wp-block-themeisle-blocks-advanced-columns-8c0497a0\" class=\"wp-block-themeisle-blocks-advanced-columns has-1-columns has-desktop-equal-layout has-tablet-equal-layout has-mobile-equal-layout has-vertical-unset has-default-gap\"><div class=\"wp-block-themeisle-blocks-advanced-columns-overlay\"><\/div><div class=\"innerblocks-wrap\">\n<div id=\"wp-block-themeisle-blocks-advanced-column-a540ddd0\" class=\"wp-block-themeisle-blocks-advanced-column\">\n<p><strong>FECHAS<\/strong><br>25, 26 y 27 de noviembre de 2026<\/p>\n\n\n\n<p><strong>SEDE<\/strong><br><strong>Auditorio Municipal de Ourense<\/strong><br>R\u00faa da Canle, 2,<br>32004 Ourense<br><a href=\"https:\/\/www.google.com\/maps\/place\/data=!4m2!3m1!1s0xd2ffec64ab6a73b:0xc8d31b2d3c5285c8?sa=X&amp;ved=1t:8290&amp;ictx=111\" target=\"_blank\" rel=\"noreferrer noopener\">Ver en el mapa<\/a><\/p>\n\n\n\n<figure class=\"wp-block-image size-full is-resized\"><img loading=\"lazy\" decoding=\"async\" width=\"1280\" height=\"720\" src=\"https:\/\/congresos-setla.com\/wp-content\/uploads\/2026\/01\/Auditorio-municipal-de-Ourense.webp\" alt=\"\" class=\"wp-image-6394\" style=\"width:568px;height:auto\" srcset=\"https:\/\/congresos-setla.com\/wp-content\/uploads\/2026\/01\/Auditorio-municipal-de-Ourense.webp 1280w, https:\/\/congresos-setla.com\/wp-content\/uploads\/2026\/01\/Auditorio-municipal-de-Ourense-300x169.webp 300w, https:\/\/congresos-setla.com\/wp-content\/uploads\/2026\/01\/Auditorio-municipal-de-Ourense-1024x576.webp 1024w, https:\/\/congresos-setla.com\/wp-content\/uploads\/2026\/01\/Auditorio-municipal-de-Ourense-768x432.webp 768w\" sizes=\"auto, (max-width: 1280px) 100vw, 1280px\" \/><\/figure>\n\n\n\n<p><strong>SECRETAR\u00cdA T\u00c9CNICA<\/strong><br>Torrespardo S.L<br>Asun Marzo<br><a rel=\"noreferrer noopener\" href=\"mailto:a.marzo@torrespardo.com\" target=\"_blank\">a.marzo@torrespardo.com<\/a><br>C. N\u00e0pols 187, 2\u00ba<br>08013 Barcelona<br>Tel +34 932 463 566<br><a rel=\"noreferrer noopener\" href=\"http:\/\/www.torrespardo.com\" target=\"_blank\">http:\/\/www.torrespardo.com<\/a><\/p>\n\n\n\n<p><strong>INSCRIPCIONES<\/strong><br>Contacto: Jessica Senall\u00e9<br><a href=\"mailto:j.senalle@torrespardo.com\" target=\"_blank\" rel=\"noreferrer noopener\">j.senalle@torrespardo.com<\/a><\/p>\n\n\n\n<p><strong>SECRETAR\u00cdA TUR\u00cdSTICA \/ ALOJAMIENTO<\/strong><br>Viajes El Corte Ingl\u00e9s<br>Dpto. Sociedades Cient\u00edfico-M\u00e9dicas<br>C\/ Alberto Bosch, 13 \u2013 28014 Madrid&nbsp;<br>Tel.: +34 91 330 07 55<br>Fax: +34 91 420 39 52<br><a href=\"mailto:secretariaturistica@viajeseci.es\">secretariaturistica@viajeseci.es<\/a><\/p>\n<\/div>\n<\/div><\/div>\n\n\n\n<p><\/p>\n","protected":false},"excerpt":{"rendered":"","protected":false},"author":1,"featured_media":0,"parent":0,"menu_order":0,"comment_status":"closed","ping_status":"closed","template":"","meta":{"_themeisle_gutenberg_block_has_review":false,"footnotes":""},"class_list":["post-1366","page","type-page","status-publish","hentry"],"_links":{"self":[{"href":"https:\/\/congresos-setla.com\/index.php?rest_route=\/wp\/v2\/pages\/1366","targetHints":{"allow":["GET"]}}],"collection":[{"href":"https:\/\/congresos-setla.com\/index.php?rest_route=\/wp\/v2\/pages"}],"about":[{"href":"https:\/\/congresos-setla.com\/index.php?rest_route=\/wp\/v2\/types\/page"}],"author":[{"embeddable":true,"href":"https:\/\/congresos-setla.com\/index.php?rest_route=\/wp\/v2\/users\/1"}],"replies":[{"embeddable":true,"href":"https:\/\/congresos-setla.com\/index.php?rest_route=%2Fwp%2Fv2%2Fcomments&post=1366"}],"version-history":[{"count":3,"href":"https:\/\/congresos-setla.com\/index.php?rest_route=\/wp\/v2\/pages\/1366\/revisions"}],"predecessor-version":[{"id":6396,"href":"https:\/\/congresos-setla.com\/index.php?rest_route=\/wp\/v2\/pages\/1366\/revisions\/6396"}],"wp:attachment":[{"href":"https:\/\/congresos-setla.com\/index.php?rest_route=%2Fwp%2Fv2%2Fmedia&parent=1366"}],"curies":[{"name":"wp","href":"https:\/\/api.w.org\/{rel}","templated":true}]}}