{"id":3201,"date":"2023-08-03T10:45:26","date_gmt":"2023-08-03T10:45:26","guid":{"rendered":"https:\/\/congresos-setla.com\/?page_id=3201"},"modified":"2025-03-18T08:52:37","modified_gmt":"2025-03-18T08:52:37","slug":"bienvenida-del-presidente-del-comite-organizador","status":"publish","type":"page","link":"https:\/\/congresos-setla.com\/?page_id=3201","title":{"rendered":"Bienvenida del Presidente del Comit\u00e9 Organizador"},"content":{"rendered":"\n<p>Hola, amigos\/as de SETLA. Soy Juan Antonio Aguilera Repiso, Vicepresidente de SETLA y presidente del comit\u00e9 organizador de este congreso, que<strong>&nbsp;espero sea vuestro congreso<\/strong>.<\/p>\n\n\n\n<p>Con una ilusi\u00f3n inmensa y rodeado de un gran equipo (comit\u00e9s organizador y cient\u00edfico), asum\u00ed este reto y creo que el resultado va a ser excelente. Ya me dir\u00e9is.<\/p>\n\n\n\n<p>Nace con unas bases muy exigentes:<\/p>\n\n\n\n<ol start=\"1\" class=\"wp-block-list\">\n<li><strong>M\u00e1xima calidad cient\u00edfica<\/strong>&nbsp;en todas las mesas oficiales, de debate y en los trabajos de los diferentes colectivos de SETLA: traumat\u00f3log@s, m\u00e9dic@s asistenciales, enfermer@s y fisioterapeutas\/terapeutas ocupacionales.<\/li>\n<\/ol>\n\n\n\n<ol start=\"2\" class=\"wp-block-list\">\n<li><strong>Participaci\u00f3n activa en las diferentes sesiones.<\/strong>&nbsp;Queremos que haya debate, preguntas y discusi\u00f3n. As\u00ed aprenderemos todos. Utilizaremos tecnolog\u00eda que har\u00e1 f\u00e1cil y \u00e1gil la participaci\u00f3n.<\/li>\n<\/ol>\n\n\n\n<ol start=\"3\" class=\"wp-block-list\">\n<li>Quiero que sea un&nbsp;<strong>congreso tranquilo,&nbsp;<\/strong>sin prisas, disfrutando de los espacios, de las sesiones y del espectacular marco del Palau de Congresos.<\/li>\n<\/ol>\n\n\n\n<ol start=\"4\" class=\"wp-block-list\">\n<li><strong>Congreso peatonal,<\/strong>&nbsp;desde todos los hoteles se puede llegar al Palau de Congresos con un agradable paseo que nos permitir\u00e1 conocer esta bonita ciudad que es Tarragona.<\/li>\n<\/ol>\n\n\n\n<ol start=\"5\" class=\"wp-block-list\">\n<li>Tendremos por primera vez la&nbsp;<strong>acreditaci\u00f3n oficial&nbsp;<\/strong>del congreso para todos los colectivos de Setla.<\/li>\n<\/ol>\n\n\n\n<p>Por todos estos motivos y muchos m\u00e1s que iremos desvelando en los pr\u00f3ximos meses, con alguna sorpresa como la \u201cMesa para todos\u201d que cerrar\u00e1 el congreso el viernes por la tarde; deseo saludaros personalmente en Tarragona.&nbsp;<\/p>\n\n\n\n<p><strong>\u00a1Os esperamos!<\/strong><\/p>\n\n\n\n<figure class=\"wp-block-image size-full is-resized\"><img loading=\"lazy\" decoding=\"async\" width=\"710\" height=\"712\" src=\"https:\/\/congresos-setla.com\/wp-content\/uploads\/2025\/03\/carta_aguilera.png\" alt=\"\" class=\"wp-image-5424\" style=\"aspect-ratio:1;width:160px;height:auto\" srcset=\"https:\/\/congresos-setla.com\/wp-content\/uploads\/2025\/03\/carta_aguilera.png 710w, https:\/\/congresos-setla.com\/wp-content\/uploads\/2025\/03\/carta_aguilera-300x300.png 300w, https:\/\/congresos-setla.com\/wp-content\/uploads\/2025\/03\/carta_aguilera-150x150.png 150w\" sizes=\"auto, (max-width: 710px) 100vw, 710px\" \/><\/figure>\n\n\n\n<p><strong>Dr. Juan Antonio Aguilera Repiso<\/strong><\/p>\n\n\n\n<p><em>Presidente del Comit\u00e9 Organizador del 24 Congreso Nacional de SETLA<\/em><\/p>\n","protected":false},"excerpt":{"rendered":"<p>Hola, amigos\/as de SETLA. Soy Juan Antonio Aguilera Repiso, Vicepresidente de SETLA y presidente del comit\u00e9 organizador de este congreso, que&nbsp;espero sea vuestro congreso. Con una ilusi\u00f3n inmensa y rodeado de un gran equipo (comit\u00e9s organizador y cient\u00edfico), asum\u00ed este reto y creo que el resultado va a ser excelente. Ya me dir\u00e9is. Nace con [&hellip;]<\/p>\n","protected":false},"author":1,"featured_media":0,"parent":0,"menu_order":0,"comment_status":"closed","ping_status":"closed","template":"","meta":{"_themeisle_gutenberg_block_has_review":false,"footnotes":""},"class_list":["post-3201","page","type-page","status-publish","hentry"],"_links":{"self":[{"href":"https:\/\/congresos-setla.com\/index.php?rest_route=\/wp\/v2\/pages\/3201","targetHints":{"allow":["GET"]}}],"collection":[{"href":"https:\/\/congresos-setla.com\/index.php?rest_route=\/wp\/v2\/pages"}],"about":[{"href":"https:\/\/congresos-setla.com\/index.php?rest_route=\/wp\/v2\/types\/page"}],"author":[{"embeddable":true,"href":"https:\/\/congresos-setla.com\/index.php?rest_route=\/wp\/v2\/users\/1"}],"replies":[{"embeddable":true,"href":"https:\/\/congresos-setla.com\/index.php?rest_route=%2Fwp%2Fv2%2Fcomments&post=3201"}],"version-history":[{"count":3,"href":"https:\/\/congresos-setla.com\/index.php?rest_route=\/wp\/v2\/pages\/3201\/revisions"}],"predecessor-version":[{"id":5436,"href":"https:\/\/congresos-setla.com\/index.php?rest_route=\/wp\/v2\/pages\/3201\/revisions\/5436"}],"wp:attachment":[{"href":"https:\/\/congresos-setla.com\/index.php?rest_route=%2Fwp%2Fv2%2Fmedia&parent=3201"}],"curies":[{"name":"wp","href":"https:\/\/api.w.org\/{rel}","templated":true}]}}