{"id":645,"date":"2021-08-12T11:37:29","date_gmt":"2021-08-12T11:37:29","guid":{"rendered":"https:\/\/congresos-setla.com\/?page_id=645"},"modified":"2025-03-27T11:36:33","modified_gmt":"2025-03-27T11:36:33","slug":"informacion-2","status":"publish","type":"page","link":"https:\/\/congresos-setla.com\/?page_id=645","title":{"rendered":"Inscripciones"},"content":{"rendered":"\n<div id=\"wp-block-themeisle-blocks-advanced-columns-fa0bdb65\" class=\"wp-block-themeisle-blocks-advanced-columns has-1-columns has-desktop-oneTwo-layout has-tablet-equal-layout has-mobile-collapsedRows-layout has-vertical-unset has-default-gap\"><div class=\"wp-block-themeisle-blocks-advanced-columns-overlay\"><\/div><div class=\"innerblocks-wrap\">\n<div id=\"wp-block-themeisle-blocks-advanced-column-8a8362a7\" class=\"wp-block-themeisle-blocks-advanced-column\">\n<figure class=\"wp-block-table is-style-stripes\"><table><tbody><tr><td class=\"has-text-align-left\" data-align=\"left\"><strong>Cuotas de inscripci\u00f3n <\/strong><br><strong>(IVA incluido)<\/strong><\/td><td><\/td><td><\/td><\/tr><tr><td class=\"has-text-align-left\" data-align=\"left\"><\/td><td>Antes del 15 octubre<\/td><td>Despu\u00e9s del 15 octubre<\/td><\/tr><tr><td class=\"has-text-align-left\" data-align=\"left\"><strong>Miembros SETLA<\/strong> <strong>COT<\/strong><\/td><td>450 euros<\/td><td>500 euros<\/td><\/tr><tr><td class=\"has-text-align-left\" data-align=\"left\"><strong>No miembros SETLA<\/strong> <strong>COT<\/strong><\/td><td>530 euros<\/td><td>580 euros<\/td><\/tr><tr><td class=\"has-text-align-left\" data-align=\"left\"><strong>Miembros SETLA Asistenciales<\/strong><\/td><td>450 euros<\/td><td>500 euros<\/td><\/tr><tr><td class=\"has-text-align-left\" data-align=\"left\"><strong>No<\/strong> <strong>Miembros SETLA Asistenciales<\/strong><\/td><td>530 euros<\/td><td>580 euros<\/td><\/tr><tr><td class=\"has-text-align-left\" data-align=\"left\"><strong>Residentes<\/strong><\/td><td>320 euros<\/td><td>320 euros<\/td><\/tr><tr><td class=\"has-text-align-left\" data-align=\"left\"><strong>Enfermeros\/as<\/strong><\/td><td>320 euros<\/td><td>320 euros<\/td><\/tr><tr><td class=\"has-text-align-left\" data-align=\"left\"><strong>Fisioterapeutas<\/strong><\/td><td>320 euros<\/td><td>320 euros<\/td><\/tr><tr><td class=\"has-text-align-left\" data-align=\"left\"><strong>Terapeutas ocupacionales<\/strong><\/td><td>320 euros<\/td><td>320 euros<\/td><\/tr><\/tbody><\/table><\/figure>\n\n\n\n<p><\/p>\n<\/div>\n<\/div><\/div>\n\n\n\n<p><strong>Inscripci\u00f3n on-line<\/strong><br>Pulsa <a href=\"https:\/\/emma.events\/setla2025\/inscripciones\" target=\"_blank\" rel=\"noreferrer noopener\">AQU\u00cd<\/a> para acceder al gestor de inscripciones.<\/p>\n\n\n\n<p><strong>Fechas clave<\/strong><br>15 de octubre &#8211; Fecha para inscripci\u00f3n sin recargo<\/p>\n\n\n\n<p><strong>Secretar\u00eda T\u00e9cnica<\/strong><br>Torres Pardo<br>Calle N\u00e0pols 187, 2\u00ba<br>08013 Barcelona<br>Sra. Asun Marzo<br>Tel. +34 93 246 35 66<br>Fax + 34 93 231 79 72<br><a href=\"mailto:a.marzo@torrespardo.com?subject=\">a.marzo@torrespardo.com<\/a><br><strong>Informaci\u00f3n inscripciones:<\/strong><br>Jessica Senall\u00e9<br><a href=\"mailto:j.senalle@torrespardo.com\" target=\"_blank\" rel=\"noreferrer noopener\">j.senalle@torrespardo.com<\/a><\/p>\n\n\n\n<p><strong>Viaje y alojamiento<\/strong><br>Viajes El Corte Ingl\u00e9s<br>Dpto. Sociedades Cient\u00edfico-M\u00e9dicas<br>C\/ Alberto Bosch, 13 \u2013 28014 Madrid&nbsp;<br>Tel.: +34 91 330 07 55<br>Fax: +34 91 420 39 52<br><a href=\"mailto:secretariaturistica@viajeseci.es\">secretariaturistica@viajeseci.es<\/a><\/p>\n","protected":false},"excerpt":{"rendered":"<p>Inscripci\u00f3n on-linePulsa AQU\u00cd para acceder al gestor de inscripciones. Fechas clave15 de octubre &#8211; Fecha para inscripci\u00f3n sin recargo Secretar\u00eda T\u00e9cnicaTorres PardoCalle N\u00e0pols 187, 2\u00ba08013 BarcelonaSra. Asun MarzoTel. +34 93 246 35 66Fax + 34 93 231 79 72a.marzo@torrespardo.comInformaci\u00f3n inscripciones:Jessica Senall\u00e9j.senalle@torrespardo.com Viaje y alojamientoViajes El Corte Ingl\u00e9sDpto. Sociedades Cient\u00edfico-M\u00e9dicasC\/ Alberto Bosch, 13 \u2013 28014 Madrid&nbsp;Tel.: [&hellip;]<\/p>\n","protected":false},"author":1,"featured_media":0,"parent":0,"menu_order":0,"comment_status":"closed","ping_status":"closed","template":"","meta":{"_themeisle_gutenberg_block_has_review":false,"footnotes":""},"class_list":["post-645","page","type-page","status-publish","hentry"],"_links":{"self":[{"href":"https:\/\/congresos-setla.com\/index.php?rest_route=\/wp\/v2\/pages\/645","targetHints":{"allow":["GET"]}}],"collection":[{"href":"https:\/\/congresos-setla.com\/index.php?rest_route=\/wp\/v2\/pages"}],"about":[{"href":"https:\/\/congresos-setla.com\/index.php?rest_route=\/wp\/v2\/types\/page"}],"author":[{"embeddable":true,"href":"https:\/\/congresos-setla.com\/index.php?rest_route=\/wp\/v2\/users\/1"}],"replies":[{"embeddable":true,"href":"https:\/\/congresos-setla.com\/index.php?rest_route=%2Fwp%2Fv2%2Fcomments&post=645"}],"version-history":[{"count":3,"href":"https:\/\/congresos-setla.com\/index.php?rest_route=\/wp\/v2\/pages\/645\/revisions"}],"predecessor-version":[{"id":5515,"href":"https:\/\/congresos-setla.com\/index.php?rest_route=\/wp\/v2\/pages\/645\/revisions\/5515"}],"wp:attachment":[{"href":"https:\/\/congresos-setla.com\/index.php?rest_route=%2Fwp%2Fv2%2Fmedia&parent=645"}],"curies":[{"name":"wp","href":"https:\/\/api.w.org\/{rel}","templated":true}]}}