{"id":6482,"date":"2026-03-04T11:02:10","date_gmt":"2026-03-04T11:02:10","guid":{"rendered":"https:\/\/congresos-setla.com\/?page_id=6482"},"modified":"2026-03-04T11:13:02","modified_gmt":"2026-03-04T11:13:02","slug":"envio-de-comunicaciones","status":"publish","type":"page","link":"https:\/\/congresos-setla.com\/?page_id=6482","title":{"rendered":"Env\u00edo de comunicaciones"},"content":{"rendered":"\n<p>YA EST\u00c1 ABIERTO EL GESTOR PARA EL ENV\u00cdO DE COMUNICACIONES.<br>Pulsa <a href=\"https:\/\/emma.events\/setla2026\/envio-comunicaciones\">AQU\u00cd<\/a> para acceder<\/p>\n\n\n\n<p><strong>Fecha l\u00edmite para el env\u00edo de comunicaciones: <\/strong><br>15 de octubre de 2026<\/p>\n\n\n\n<p><strong><mark style=\"background-color:rgba(0, 0, 0, 0)\" class=\"has-inline-color has-colibri-color-6-color\">CATEGOR\u00cdAS<\/mark><\/strong><br>El autor deber\u00e1 elegir una de las siguientes opciones:<br>&#8211; Oral SETLA M\u00e9dicos Traumat\u00f3logos<br>&#8211; Oral M\u00e9dicos Asistenciales<br>&#8211; Caso Cl\u00ednico M\u00e9dicos Traumat\u00f3logos<br>&#8211; Caso Cl\u00ednico M\u00e9dicos Asistenciales<br>&#8211; Cartel SETLA COT<br>&#8211; Cartel SETLA Asistenciales<br>&#8211; Oral Enfermer\u00eda<br>&#8211; Cartel Enfermer\u00eda<br>&#8211; Oral Fisioterapia<br>&#8211; Cartel Fisioterapia<br><em>Sujeto a reubicaci\u00f3n por el Comit\u00e9.<\/em><\/p>\n\n\n\n<p><strong>NORMATIVA DE AUTORES<\/strong><br><strong>M\u00e1ximo Firmantes<\/strong><br>Se recomienda no sobrepasar 6 firmantes por trabajo.<br><strong>Inscripci\u00f3n Obligatoria<\/strong><br>El primer firmante debe estar necesariamente inscrito en el Congreso.<br><strong>Anonimato<\/strong><br>No incluir datos identificativos del centro de trabajo en el resumen.<\/p>\n\n\n\n<p><strong>POSTERS<\/strong><br>Los posters se presentar\u00e1n en formato electr\u00f3nico.<br>Para el env\u00edo del resumen,\u00a0<strong>aplica la misma normativa detallada para las comunicaciones orales<\/strong>\u00a0(estructura y categor\u00edas).<\/p>\n\n\n\n<p>&nbsp;<strong>Los autores aceptados recibir\u00e1n instrucciones espec\u00edficas de subida tras la aceptaci\u00f3n.<\/strong><\/p>\n\n\n\n<p><\/p>\n","protected":false},"excerpt":{"rendered":"<p>YA EST\u00c1 ABIERTO EL GESTOR PARA EL ENV\u00cdO DE COMUNICACIONES.Pulsa AQU\u00cd para acceder Fecha l\u00edmite para el env\u00edo de comunicaciones: 15 de octubre de 2026 CATEGOR\u00cdASEl autor deber\u00e1 elegir una de las siguientes opciones:&#8211; Oral SETLA M\u00e9dicos Traumat\u00f3logos&#8211; Oral M\u00e9dicos Asistenciales&#8211; Caso Cl\u00ednico M\u00e9dicos Traumat\u00f3logos&#8211; Caso Cl\u00ednico M\u00e9dicos Asistenciales&#8211; Cartel SETLA COT&#8211; Cartel SETLA Asistenciales&#8211; [&hellip;]<\/p>\n","protected":false},"author":1,"featured_media":0,"parent":0,"menu_order":0,"comment_status":"closed","ping_status":"closed","template":"","meta":{"_themeisle_gutenberg_block_has_review":false,"footnotes":""},"class_list":["post-6482","page","type-page","status-publish","hentry"],"_links":{"self":[{"href":"https:\/\/congresos-setla.com\/index.php?rest_route=\/wp\/v2\/pages\/6482","targetHints":{"allow":["GET"]}}],"collection":[{"href":"https:\/\/congresos-setla.com\/index.php?rest_route=\/wp\/v2\/pages"}],"about":[{"href":"https:\/\/congresos-setla.com\/index.php?rest_route=\/wp\/v2\/types\/page"}],"author":[{"embeddable":true,"href":"https:\/\/congresos-setla.com\/index.php?rest_route=\/wp\/v2\/users\/1"}],"replies":[{"embeddable":true,"href":"https:\/\/congresos-setla.com\/index.php?rest_route=%2Fwp%2Fv2%2Fcomments&post=6482"}],"version-history":[{"count":3,"href":"https:\/\/congresos-setla.com\/index.php?rest_route=\/wp\/v2\/pages\/6482\/revisions"}],"predecessor-version":[{"id":6500,"href":"https:\/\/congresos-setla.com\/index.php?rest_route=\/wp\/v2\/pages\/6482\/revisions\/6500"}],"wp:attachment":[{"href":"https:\/\/congresos-setla.com\/index.php?rest_route=%2Fwp%2Fv2%2Fmedia&parent=6482"}],"curies":[{"name":"wp","href":"https:\/\/api.w.org\/{rel}","templated":true}]}}